{"id":34,"date":"2013-10-09T19:38:39","date_gmt":"2013-10-09T19:38:39","guid":{"rendered":"http:\/\/www.dress-o-rama.com\/?page_id=34"},"modified":"2013-10-11T14:51:17","modified_gmt":"2013-10-11T14:51:17","slug":"about","status":"publish","type":"page","link":"https:\/\/www.dress-o-rama.com\/?page_id=34","title":{"rendered":"About"},"content":{"rendered":"[spb_text_block pb_margin_bottom=&#8220;no&#8220; pb_border_bottom=&#8220;no&#8220; width=&#8220;1\/1&#8243; el_position=&#8220;first last&#8220;]\n<h2 style=\"text-align: center;\">About<\/h2>\n<p style=\"text-align: center;\"><div class=\"horizontal-break\"> <\/div>\n<p><span style=\"color: #222222;\">Es ist nicht \u00fcbertrieben: Annika Graalfs wurde die Kreativit\u00e4t schon in die Wiege gelegt. In der vierten Generationen von starken Frauen macht die geb\u00fcrtige Berlinerin Modedesign \u2013 auf ihre ganz eigene Art und Weise. Annikas Mode ist inspiriert von Menschen, B-Movies aus den 50ern, Science Fiction, Hawaii, dem Lowbrow Stil, England, besonderen Materialien und Stoffen und, nicht zu vergessen, von den beiden R\u00e4uberherzen an ihrer Seite: ihren zwei Kindern.<\/span><\/p>\n[\/spb_text_block] [spb_single_image image=&#8220;63&#8243; image_size=&#8220;full&#8220; frame=&#8220;borderframe&#8220; full_width=&#8220;no&#8220; lightbox=&#8220;no&#8220; link_target=&#8220;_self&#8220; width=&#8220;1\/3&#8243; el_position=&#8220;first&#8220;] [spb_single_image image=&#8220;80&#8243; image_size=&#8220;full&#8220; frame=&#8220;borderframe&#8220; full_width=&#8220;no&#8220; lightbox=&#8220;no&#8220; link_target=&#8220;_self&#8220; width=&#8220;1\/3&#8243;] [spb_single_image image=&#8220;90&#8243; image_size=&#8220;full&#8220; frame=&#8220;borderframe&#8220; full_width=&#8220;no&#8220; lightbox=&#8220;no&#8220; link_target=&#8220;_self&#8220; width=&#8220;1\/3&#8243; el_position=&#8220;last&#8220;] [spb_text_block pb_margin_bottom=&#8220;no&#8220; pb_border_bottom=&#8220;no&#8220; width=&#8220;1\/1&#8243; el_position=&#8220;first last&#8220;]\n<p style=\"text-align: center;\"><div class=\"horizontal-break\"> <\/div>\n<p><span style=\"color: #222222;\"><div class=\"one_half\"><\/span>Das Verst\u00e4ndnis und der Umgang mit Design und Mode Ende der 90er Jahre in England zogen Annika Graalfs zum Modedesignstudium nach Brighton.<\/p>\n<p>Zur\u00fcck in Berlin gr\u00fcndete sie 2001 das Label\u00a0<i>Dress-O-Rama<\/i>. Im selben Jahr brachte die Designerin unter dem Label\u00a0<i>Ace by Dress-O-Rama\u00a0<\/i>die bis heute sehr erfolgreiche Jeans auf den Markt. Der Denim der ungewaschenen 14oz.-Doppelwebkanten-Indigo-eingef\u00e4rbte-Vintage-Stil Jeans\u00a0<i>Ace<\/i>\u00a0\u00fcberzeugt durch die hochwertige Verarbeitung, Qualit\u00e4t und Haltbarkeit, von der sich auch schon so mancher Motorradfahrer \u00fcberzeugt hat.<\/p>\n<p><i>Dress-O-Rama<\/i> vereint modernes Design mit Vintage-Gef\u00fchl. Dieser Look wurde gepr\u00e4gt durch die bewegte Zeit der Designerin in der Rockabilly-Szene. Das traditionelle Design der 50er Jahre kombiniert sie mit modernen Elementen und Kontrasten. Gefertigt wird ausschlie\u00dflich in der EU, haupts\u00e4chlich in Deutschland.<\/div>\n<div class=\"one_half last\">Mit Mut, Neugier und Leidenschaft geht Annika Graalfs immer wieder neue Wege. So entwarf sie B\u00fchnenkost\u00fcme f\u00fcr Theaterst\u00fccke, stattete Bands wie <i>The Baseballs<\/i> aus und sorgte in Musikvideos f\u00fcr <i>Die Fantastischen Vier<\/i>, <i>Dick Brave and The Backbeats<\/i> oder<i> DJ Tomekk <\/i>f\u00fcr den besonderen Look.\u00a0<i>Kilian Kerner, Michael Michalsky und<\/i> Annika Graalfs er\u00f6ffneten 2010 mit einer Fashion Show die <i>Popkomm<\/i> und auch bei Schauen von <i>Sony Music<\/i> war sie eine gefragte Designerin. Genauso macht Annika ihre Kunden mit auf Ma\u00df und Wunsch angefertigten Einzelst\u00fccken gl\u00fccklich.<\/p>\n<p>Anfang 2012 wurde eines ihrer Kleider in der <i>Bunny Yeager <\/i>Retrospektive in der Dezer Schauhalle Miami ausgestellt. Ein besonders bewegender Moment, da <i>Yeager<\/i>, die stilpr\u00e4gende Fotografin der 50er und Entdeckerin der Pin Up Ikone <i>Bettie Page<\/i>, Annika schon in ihrer fr\u00fchsten Jungend beeinflusst hat.<\/div><div class=\"clearboth\"><\/div>\n[\/spb_text_block] [spb_text_block pb_margin_bottom=&#8220;no&#8220; pb_border_bottom=&#8220;no&#8220; width=&#8220;1\/1&#8243; el_position=&#8220;first last&#8220;]\n<p style=\"text-align: center;\"><div class=\"horizontal-break\"> <\/div>\n<p>Musik und Fashion geh\u00f6ren f\u00fcr die Berlinerin einfach zusammen. Annika steht auch selbst regelm\u00e4\u00dfig als\u00a0<i>Annie Atomic<\/i>\u00a0auf der B\u00fchne. Und nun noch die Teilnahme beim neuen Sendeformat\u00a0<i>Fashion Hero.\u00a0<\/i>Let\u2019s rock\u00b4n\u00b4roll!<\/p>\n[\/spb_text_block] [blank_spacer height=&#8220;30px&#8220; width=&#8220;1\/1&#8243; el_position=&#8220;first last&#8220;] [divider type=&#8220;standard&#8220; text=&#8220;Go to top&#8220; full_width=&#8220;yes&#8220; width=&#8220;1\/1&#8243; el_position=&#8220;first last&#8220;]\n","protected":false},"excerpt":{"rendered":"<p>[spb_text_block pb_margin_bottom=&#8220;no&#8220; pb_border_bottom=&#8220;no&#8220; width=&#8220;1\/1&#8243; el_position=&#8220;first last&#8220;] About Es ist nicht \u00fcbertrieben: Annika Graalfs wurde die Kreativit\u00e4t schon in die Wiege gelegt. In der vierten Generationen von starken Frauen macht die geb\u00fcrtige Berlinerin Modedesign \u2013 auf ihre ganz eigene Art und Weise. Annikas Mode ist inspiriert von Menschen, B-Movies aus den 50ern, Science Fiction, Hawaii, dem Lowbrow Stil, England, besonderen Materialien [&hellip;]<\/p>\n","protected":false},"author":4,"featured_media":0,"parent":0,"menu_order":0,"comment_status":"open","ping_status":"open","template":"","meta":{"jetpack_post_was_ever_published":false,"footnotes":""},"class_list":["post-34","page","type-page","status-publish","hentry"],"jetpack_sharing_enabled":true,"jetpack_shortlink":"https:\/\/wp.me\/P41g55-y","_links":{"self":[{"href":"https:\/\/www.dress-o-rama.com\/index.php?rest_route=\/wp\/v2\/pages\/34","targetHints":{"allow":["GET"]}}],"collection":[{"href":"https:\/\/www.dress-o-rama.com\/index.php?rest_route=\/wp\/v2\/pages"}],"about":[{"href":"https:\/\/www.dress-o-rama.com\/index.php?rest_route=\/wp\/v2\/types\/page"}],"author":[{"embeddable":true,"href":"https:\/\/www.dress-o-rama.com\/index.php?rest_route=\/wp\/v2\/users\/4"}],"replies":[{"embeddable":true,"href":"https:\/\/www.dress-o-rama.com\/index.php?rest_route=%2Fwp%2Fv2%2Fcomments&post=34"}],"version-history":[{"count":62,"href":"https:\/\/www.dress-o-rama.com\/index.php?rest_route=\/wp\/v2\/pages\/34\/revisions"}],"predecessor-version":[{"id":215,"href":"https:\/\/www.dress-o-rama.com\/index.php?rest_route=\/wp\/v2\/pages\/34\/revisions\/215"}],"wp:attachment":[{"href":"https:\/\/www.dress-o-rama.com\/index.php?rest_route=%2Fwp%2Fv2%2Fmedia&parent=34"}],"curies":[{"name":"wp","href":"https:\/\/api.w.org\/{rel}","templated":true}]}}